{"id":332,"date":"2015-04-28T14:45:04","date_gmt":"2015-04-28T14:45:04","guid":{"rendered":"http:\/\/istvanhorvath.com\/huma\/?page_id=332"},"modified":"2016-03-10T23:31:55","modified_gmt":"2016-03-11T04:31:55","slug":"szovegmentes","status":"publish","type":"page","link":"https:\/\/istvanhorvath.com\/huma\/szovegmentes\/","title":{"rendered":"Sz\u00f6vegment\u00e9s"},"content":{"rendered":"<p>R\u00e9gen \u00e9s m\u00e1shol megjelent sz\u00f6vegek v\u00e9letlen halmaza:<br \/>\n<ul><li class=\"page_item page-item-414\"><a href=\"https:\/\/istvanhorvath.com\/huma\/szovegmentes\/kotojelesen-eletfogytiglan\/\">K\u00f6t\u0151jelesen \u00e9letfogytiglan<\/a><\/li>\n<li class=\"page_item page-item-162\"><a href=\"https:\/\/istvanhorvath.com\/huma\/szovegmentes\/skizo-teszt\/\">A skizofr\u00e9n erd\u00e9lyi emigr\u00e1ns esete a vil\u00e1gh\u00e1l\u00f3val<\/a><\/li>\n<\/ul>\n","protected":false},"excerpt":{"rendered":"<p>R\u00e9gen \u00e9s m\u00e1shol megjelent sz\u00f6vegek v\u00e9letlen halmaza:&hellip; <a class=\"read-more\" href=\"https:\/\/istvanhorvath.com\/huma\/szovegmentes\/\">Read More<\/a><\/p>\n","protected":false},"author":1,"featured_media":0,"parent":0,"menu_order":0,"comment_status":"open","ping_status":"open","template":"","meta":{"jetpack_post_was_ever_published":false,"footnotes":""},"class_list":["post-332","page","type-page","status-publish","hentry"],"yoast_head":"<!-- This site is optimized with the Yoast SEO plugin v26.8 - https:\/\/yoast.com\/product\/yoast-seo-wordpress\/ -->\n<title>Sz\u00f6vegment\u00e9s - Id\u0151utaz\u00e1sok a t\u00e9rben<\/title>\n<meta name=\"robots\" content=\"index, follow, max-snippet:-1, max-image-preview:large, max-video-preview:-1\" \/>\n<link rel=\"canonical\" href=\"https:\/\/istvanhorvath.com\/huma\/szovegmentes\/\" \/>\n<meta property=\"og:locale\" content=\"hu_HU\" \/>\n<meta property=\"og:type\" content=\"article\" \/>\n<meta property=\"og:title\" content=\"Sz\u00f6vegment\u00e9s - Id\u0151utaz\u00e1sok a t\u00e9rben\" \/>\n<meta property=\"og:description\" content=\"R\u00e9gen \u00e9s m\u00e1shol megjelent sz\u00f6vegek v\u00e9letlen halmaza:&hellip; Read More\" \/>\n<meta property=\"og:url\" content=\"https:\/\/istvanhorvath.com\/huma\/szovegmentes\/\" \/>\n<meta property=\"og:site_name\" content=\"Id\u0151utaz\u00e1sok a t\u00e9rben\" \/>\n<meta property=\"article:modified_time\" content=\"2016-03-11T04:31:55+00:00\" \/>\n<meta name=\"twitter:card\" content=\"summary_large_image\" \/>\n<script type=\"application\/ld+json\" class=\"yoast-schema-graph\">{\"@context\":\"https:\/\/schema.org\",\"@graph\":[{\"@type\":\"WebPage\",\"@id\":\"https:\/\/istvanhorvath.com\/huma\/szovegmentes\/\",\"url\":\"https:\/\/istvanhorvath.com\/huma\/szovegmentes\/\",\"name\":\"Sz\u00f6vegment\u00e9s - Id\u0151utaz\u00e1sok a t\u00e9rben\",\"isPartOf\":{\"@id\":\"https:\/\/istvanhorvath.com\/huma\/#website\"},\"datePublished\":\"2015-04-28T14:45:04+00:00\",\"dateModified\":\"2016-03-11T04:31:55+00:00\",\"breadcrumb\":{\"@id\":\"https:\/\/istvanhorvath.com\/huma\/szovegmentes\/#breadcrumb\"},\"inLanguage\":\"hu\",\"potentialAction\":[{\"@type\":\"ReadAction\",\"target\":[\"https:\/\/istvanhorvath.com\/huma\/szovegmentes\/\"]}]},{\"@type\":\"BreadcrumbList\",\"@id\":\"https:\/\/istvanhorvath.com\/huma\/szovegmentes\/#breadcrumb\",\"itemListElement\":[{\"@type\":\"ListItem\",\"position\":1,\"name\":\"Home\",\"item\":\"https:\/\/istvanhorvath.com\/huma\/\"},{\"@type\":\"ListItem\",\"position\":2,\"name\":\"Sz\u00f6vegment\u00e9s\"}]},{\"@type\":\"WebSite\",\"@id\":\"https:\/\/istvanhorvath.com\/huma\/#website\",\"url\":\"https:\/\/istvanhorvath.com\/huma\/\",\"name\":\"Id\u0151utaz\u00e1sok a t\u00e9rben\",\"description\":\"Magyarul mes\u00e9lni a vil\u00e1gr\u00f3l\",\"potentialAction\":[{\"@type\":\"SearchAction\",\"target\":{\"@type\":\"EntryPoint\",\"urlTemplate\":\"https:\/\/istvanhorvath.com\/huma\/?s={search_term_string}\"},\"query-input\":{\"@type\":\"PropertyValueSpecification\",\"valueRequired\":true,\"valueName\":\"search_term_string\"}}],\"inLanguage\":\"hu\"}]}<\/script>\n<!-- \/ Yoast SEO plugin. -->","yoast_head_json":{"title":"Sz\u00f6vegment\u00e9s - Id\u0151utaz\u00e1sok a t\u00e9rben","robots":{"index":"index","follow":"follow","max-snippet":"max-snippet:-1","max-image-preview":"max-image-preview:large","max-video-preview":"max-video-preview:-1"},"canonical":"https:\/\/istvanhorvath.com\/huma\/szovegmentes\/","og_locale":"hu_HU","og_type":"article","og_title":"Sz\u00f6vegment\u00e9s - Id\u0151utaz\u00e1sok a t\u00e9rben","og_description":"R\u00e9gen \u00e9s m\u00e1shol megjelent sz\u00f6vegek v\u00e9letlen halmaza:&hellip; Read More","og_url":"https:\/\/istvanhorvath.com\/huma\/szovegmentes\/","og_site_name":"Id\u0151utaz\u00e1sok a t\u00e9rben","article_modified_time":"2016-03-11T04:31:55+00:00","twitter_card":"summary_large_image","schema":{"@context":"https:\/\/schema.org","@graph":[{"@type":"WebPage","@id":"https:\/\/istvanhorvath.com\/huma\/szovegmentes\/","url":"https:\/\/istvanhorvath.com\/huma\/szovegmentes\/","name":"Sz\u00f6vegment\u00e9s - Id\u0151utaz\u00e1sok a t\u00e9rben","isPartOf":{"@id":"https:\/\/istvanhorvath.com\/huma\/#website"},"datePublished":"2015-04-28T14:45:04+00:00","dateModified":"2016-03-11T04:31:55+00:00","breadcrumb":{"@id":"https:\/\/istvanhorvath.com\/huma\/szovegmentes\/#breadcrumb"},"inLanguage":"hu","potentialAction":[{"@type":"ReadAction","target":["https:\/\/istvanhorvath.com\/huma\/szovegmentes\/"]}]},{"@type":"BreadcrumbList","@id":"https:\/\/istvanhorvath.com\/huma\/szovegmentes\/#breadcrumb","itemListElement":[{"@type":"ListItem","position":1,"name":"Home","item":"https:\/\/istvanhorvath.com\/huma\/"},{"@type":"ListItem","position":2,"name":"Sz\u00f6vegment\u00e9s"}]},{"@type":"WebSite","@id":"https:\/\/istvanhorvath.com\/huma\/#website","url":"https:\/\/istvanhorvath.com\/huma\/","name":"Id\u0151utaz\u00e1sok a t\u00e9rben","description":"Magyarul mes\u00e9lni a vil\u00e1gr\u00f3l","potentialAction":[{"@type":"SearchAction","target":{"@type":"EntryPoint","urlTemplate":"https:\/\/istvanhorvath.com\/huma\/?s={search_term_string}"},"query-input":{"@type":"PropertyValueSpecification","valueRequired":true,"valueName":"search_term_string"}}],"inLanguage":"hu"}]}},"jetpack_shortlink":"https:\/\/wp.me\/P72XfH-5m","jetpack_sharing_enabled":true,"_links":{"self":[{"href":"https:\/\/istvanhorvath.com\/huma\/wp-json\/wp\/v2\/pages\/332","targetHints":{"allow":["GET"]}}],"collection":[{"href":"https:\/\/istvanhorvath.com\/huma\/wp-json\/wp\/v2\/pages"}],"about":[{"href":"https:\/\/istvanhorvath.com\/huma\/wp-json\/wp\/v2\/types\/page"}],"author":[{"embeddable":true,"href":"https:\/\/istvanhorvath.com\/huma\/wp-json\/wp\/v2\/users\/1"}],"replies":[{"embeddable":true,"href":"https:\/\/istvanhorvath.com\/huma\/wp-json\/wp\/v2\/comments?post=332"}],"version-history":[{"count":0,"href":"https:\/\/istvanhorvath.com\/huma\/wp-json\/wp\/v2\/pages\/332\/revisions"}],"wp:attachment":[{"href":"https:\/\/istvanhorvath.com\/huma\/wp-json\/wp\/v2\/media?parent=332"}],"curies":[{"name":"wp","href":"https:\/\/api.w.org\/{rel}","templated":true}]}}